{"id":16,"date":"2024-12-23T23:56:24","date_gmt":"2024-12-23T23:56:24","guid":{"rendered":"https:\/\/www.tucoachingonline.es\/?page_id=16"},"modified":"2024-12-24T00:45:35","modified_gmt":"2024-12-24T00:45:35","slug":"sobre-nosotros","status":"publish","type":"page","link":"https:\/\/www.tucoachingonline.es\/index.php\/sobre-nosotros\/","title":{"rendered":"Sobre Nosotros"},"content":{"rendered":"\n<div class=\"wp-block-group alignfull has-accent-background-color has-background has-global-padding is-layout-constrained wp-container-core-group-is-layout-669513ed wp-block-group-is-layout-constrained\" style=\"margin-top:0;margin-bottom:0;padding-top:var(--wp--preset--spacing--50);padding-right:var(--wp--preset--spacing--50);padding-bottom:var(--wp--preset--spacing--50);padding-left:var(--wp--preset--spacing--50)\">\n<div class=\"wp-block-columns alignwide is-layout-flex wp-container-core-columns-is-layout-1da03c2a wp-block-columns-is-layout-flex\">\n<div class=\"wp-block-column is-vertically-aligned-stretch is-layout-flow wp-block-column-is-layout-flow\" style=\"flex-basis:50%\">\n<div class=\"wp-block-group is-vertical is-content-justification-stretch is-layout-flex wp-container-core-group-is-layout-444d5ee8 wp-block-group-is-layout-flex\" style=\"min-height:100%\">\n<p class=\"has-heading-font-family has-x-large-font-size\" style=\"line-height:1.2\">Impulsando tu desarrollo personal y profesional:<\/p>\n\n\n\n<p>En <strong>TuCoachingOnline<\/strong>, ofrecemos soluciones integrales de coaching y mentoring dise\u00f1adas para ayudarte a alcanzar tus metas. Cada sesi\u00f3n es una oportunidad para transformar tu presente y dar forma a un futuro mejor, gui\u00e1ndote hacia el \u00e9xito personal y profesional.<\/p>\n<\/div>\n<\/div>\n\n\n\n<div class=\"wp-block-column is-vertically-aligned-center is-layout-flow wp-block-column-is-layout-flow\" style=\"flex-basis:50%\">\n<figure class=\"wp-block-image size-large is-style-rounded is-style-rounded--1\"><img loading=\"lazy\" decoding=\"async\" width=\"585\" height=\"1024\" src=\"https:\/\/www.tucoachingonline.es\/wp-content\/uploads\/2024\/12\/DALL\u00b7E-2024-12-24-01.41.27-An-elegant-and-professional-image-in-tones-of-gray-black-and-gold-in-a-vertical-format-to-accompany-a-paragraph-about-personal-and-professional-grow-585x1024.webp\" alt=\"\" class=\"wp-image-43\" style=\"aspect-ratio:3\/4;object-fit:cover\" srcset=\"https:\/\/www.tucoachingonline.es\/wp-content\/uploads\/2024\/12\/DALL\u00b7E-2024-12-24-01.41.27-An-elegant-and-professional-image-in-tones-of-gray-black-and-gold-in-a-vertical-format-to-accompany-a-paragraph-about-personal-and-professional-grow-585x1024.webp 585w, https:\/\/www.tucoachingonline.es\/wp-content\/uploads\/2024\/12\/DALL\u00b7E-2024-12-24-01.41.27-An-elegant-and-professional-image-in-tones-of-gray-black-and-gold-in-a-vertical-format-to-accompany-a-paragraph-about-personal-and-professional-grow-171x300.webp 171w, https:\/\/www.tucoachingonline.es\/wp-content\/uploads\/2024\/12\/DALL\u00b7E-2024-12-24-01.41.27-An-elegant-and-professional-image-in-tones-of-gray-black-and-gold-in-a-vertical-format-to-accompany-a-paragraph-about-personal-and-professional-grow-768x1344.webp 768w, https:\/\/www.tucoachingonline.es\/wp-content\/uploads\/2024\/12\/DALL\u00b7E-2024-12-24-01.41.27-An-elegant-and-professional-image-in-tones-of-gray-black-and-gold-in-a-vertical-format-to-accompany-a-paragraph-about-personal-and-professional-grow-878x1536.webp 878w, https:\/\/www.tucoachingonline.es\/wp-content\/uploads\/2024\/12\/DALL\u00b7E-2024-12-24-01.41.27-An-elegant-and-professional-image-in-tones-of-gray-black-and-gold-in-a-vertical-format-to-accompany-a-paragraph-about-personal-and-professional-grow.webp 1024w\" sizes=\"auto, (max-width: 585px) 100vw, 585px\" \/><\/figure>\n<\/div>\n<\/div>\n<\/div>\n\n\n\n<div class=\"wp-block-group alignfull has-base-background-color has-background has-global-padding is-layout-constrained wp-container-core-group-is-layout-d89aad35 wp-block-group-is-layout-constrained\" style=\"margin-top:0;margin-bottom:0;padding-top:var(--wp--preset--spacing--50);padding-right:var(--wp--preset--spacing--50);padding-bottom:var(--wp--preset--spacing--50);padding-left:var(--wp--preset--spacing--50)\">\n<div class=\"wp-block-columns alignwide is-layout-flex wp-container-core-columns-is-layout-549b0c86 wp-block-columns-is-layout-flex\">\n<div class=\"wp-block-column has-global-padding is-content-justification-left is-layout-constrained wp-container-core-column-is-layout-4f15e8fe wp-block-column-is-layout-constrained\" style=\"flex-basis:40%\">\n<p>Redefiniendo el panorama del desarrollo personal<\/p>\n<\/div>\n\n\n\n<div class=\"wp-block-column is-layout-flow wp-container-core-column-is-layout-119bc444 wp-block-column-is-layout-flow\" style=\"flex-basis:60%\">\n<p class=\"has-heading-font-family has-x-large-font-size\" style=\"line-height:1.2\">Con una meticulosa atenci\u00f3n al detalle y un compromiso con la excelencia, creamos experiencias que inspiran, elevan y enriquecen la vida de nuestros usuarios.<\/p>\n\n\n\n<div class=\"wp-block-columns is-layout-flex wp-container-core-columns-is-layout-87beb0d0 wp-block-columns-is-layout-flex\">\n<div class=\"wp-block-column is-layout-flow wp-block-column-is-layout-flow\">\n<p class=\"wp-container-content-9cfa9a5a\">TuCoachingOnline est\u00e1 llamada a transformar el panorama del coaching y mentoring online, sirviendo como un punto de encuentro para el crecimiento personal, el aprendizaje continuo y el desarrollo profesional. Nuestra plataforma rinde homenaje al arte de la conexi\u00f3n humana mientras abraza las posibilidades del futuro digital, garantizando que cada sesi\u00f3n sea una fuente de inspiraci\u00f3n y cambio positivo.<\/p>\n<\/div>\n\n\n\n<div class=\"wp-block-column is-layout-flow wp-block-column-is-layout-flow\">\n<p>Con cada interacci\u00f3n, buscamos no solo guiar, sino empoderar a nuestros clientes, asegurando que su viaje hacia el \u00e9xito est\u00e9 respaldado por un equipo comprometido y herramientas innovadoras. <strong>TuCoachingOnline<\/strong> no es solo un servicio, es un espacio de transformaci\u00f3n personal y profesional dise\u00f1ado para aquellos que buscan alcanzar su m\u00e1ximo potencial.<\/p>\n<\/div>\n<\/div>\n<\/div>\n<\/div>\n<\/div>\n","protected":false},"excerpt":{"rendered":"<p>Impulsando tu desarrollo personal y profesional: En TuCoachingOnline, ofrecemos soluciones integrales de coaching y mentoring dise\u00f1adas para ayudarte a alcanzar tus metas. Cada sesi\u00f3n es una oportunidad para transformar tu presente y dar forma a un futuro mejor, gui\u00e1ndote hacia el \u00e9xito personal y profesional. Redefiniendo el panorama del desarrollo personal Con una meticulosa atenci\u00f3n [&hellip;]<\/p>\n","protected":false},"author":1,"featured_media":0,"parent":0,"menu_order":0,"comment_status":"closed","ping_status":"closed","template":"","meta":{"footnotes":""},"class_list":["post-16","page","type-page","status-publish","hentry"],"_links":{"self":[{"href":"https:\/\/www.tucoachingonline.es\/index.php\/wp-json\/wp\/v2\/pages\/16","targetHints":{"allow":["GET"]}}],"collection":[{"href":"https:\/\/www.tucoachingonline.es\/index.php\/wp-json\/wp\/v2\/pages"}],"about":[{"href":"https:\/\/www.tucoachingonline.es\/index.php\/wp-json\/wp\/v2\/types\/page"}],"author":[{"embeddable":true,"href":"https:\/\/www.tucoachingonline.es\/index.php\/wp-json\/wp\/v2\/users\/1"}],"replies":[{"embeddable":true,"href":"https:\/\/www.tucoachingonline.es\/index.php\/wp-json\/wp\/v2\/comments?post=16"}],"version-history":[{"count":5,"href":"https:\/\/www.tucoachingonline.es\/index.php\/wp-json\/wp\/v2\/pages\/16\/revisions"}],"predecessor-version":[{"id":45,"href":"https:\/\/www.tucoachingonline.es\/index.php\/wp-json\/wp\/v2\/pages\/16\/revisions\/45"}],"wp:attachment":[{"href":"https:\/\/www.tucoachingonline.es\/index.php\/wp-json\/wp\/v2\/media?parent=16"}],"curies":[{"name":"wp","href":"https:\/\/api.w.org\/{rel}","templated":true}]}}